{"id":99,"date":"2026-04-23T22:24:55","date_gmt":"2026-04-23T22:24:55","guid":{"rendered":"https:\/\/amazinggraceschoolgt.com\/pagina\/?page_id=99"},"modified":"2026-04-27T22:24:46","modified_gmt":"2026-04-27T22:24:46","slug":"niveles","status":"publish","type":"page","link":"https:\/\/amazinggraceschoolgt.com\/pagina\/niveles\/","title":{"rendered":"niveles"},"content":{"rendered":"\n\n\n\n\n\n\n\n\n<p style=\"text-align: justify;\">Kinder 4 a\u00f1os cumplidos \nP\u00e1rvulos 5 a\u00f1os cumplidos\nPreparatoria 6 a\u00f1os cumplidos\n\nDurante estas edades su capacidad intelectual le permite poner mayor atenci\u00f3n.\nEsto significa que ya puede empezar a seguir instrucciones y copiar modelos; se fija en lo que los dem\u00e1s hacen y quiere hacer lo mismo, se pone retos.\nEl ni\u00f1o de estas edades est\u00e1 desarrollando habilidades motrices muy espec\u00edficas que implican una mayor intervenci\u00f3n de todas sus capacidades sociales, de lenguaje e intelectuales.<\/p>\n\n\n\n<p style=\"text-align: justify;\">Mediante la realizaci\u00f3n de aprendizajes significativos los y las estudiantes\nenriquecen su conocimiento del mundo f\u00edsico y social, potenciando as\u00ed su\ncrecimiento personal, con ccompetencias que integran el saber ser, el saber hacer\ny estar consciente de por qu\u00e9 o para qu\u00e9 se hace.<\/p>\n\n\n\n\n\nDurante esta etapa debemos orientar a los estudiantes a cuestionar la realidad y no ense\u00f1arles \u00fanicamente respuestas.\nEnse\u00f1arles a que analicen la informaci\u00f3n y de esta manera encuentren las soluciones a sus problemas de la manera correcta a los ojos de Dios.\nEl Colegio tiene como prioridad ense\u00f1ar al alumno a desarrollar las capacidades de\nexpresi\u00f3n, comprensi\u00f3n, relaci\u00f3n, imaginaci\u00f3n y creatividad.\n\n\n\nDurante esta etapa se capacita a los alumnos para una carrera que inicia en este momento, pero durar\u00e1 el resto de su vida.\nAdem\u00e1s de ense\u00f1arles a desarrollar apropiadamente su carrera en un mundo\nglobalizado y en el que en muchas ocasiones no se cuenta con principios s\u00f3lidos, ya que no es suficiente el conocimiento te\u00f3rico -practico que se ha impartido durante d\u00e9cadas, sino, sobre todo el temor a Dios el cual desarrolla en ellos una \u00e9tica incorruptible.\n\n\n","protected":false},"excerpt":{"rendered":"","protected":false},"author":1,"featured_media":0,"parent":0,"menu_order":0,"comment_status":"closed","ping_status":"closed","template":"","meta":{"pagelayer_contact_templates":[],"_pagelayer_content":"","footnotes":""},"class_list":["post-99","page","type-page","status-publish","hentry"],"_links":{"self":[{"href":"https:\/\/amazinggraceschoolgt.com\/pagina\/wp-json\/wp\/v2\/pages\/99","targetHints":{"allow":["GET"]}}],"collection":[{"href":"https:\/\/amazinggraceschoolgt.com\/pagina\/wp-json\/wp\/v2\/pages"}],"about":[{"href":"https:\/\/amazinggraceschoolgt.com\/pagina\/wp-json\/wp\/v2\/types\/page"}],"author":[{"embeddable":true,"href":"https:\/\/amazinggraceschoolgt.com\/pagina\/wp-json\/wp\/v2\/users\/1"}],"replies":[{"embeddable":true,"href":"https:\/\/amazinggraceschoolgt.com\/pagina\/wp-json\/wp\/v2\/comments?post=99"}],"version-history":[{"count":7,"href":"https:\/\/amazinggraceschoolgt.com\/pagina\/wp-json\/wp\/v2\/pages\/99\/revisions"}],"predecessor-version":[{"id":127,"href":"https:\/\/amazinggraceschoolgt.com\/pagina\/wp-json\/wp\/v2\/pages\/99\/revisions\/127"}],"wp:attachment":[{"href":"https:\/\/amazinggraceschoolgt.com\/pagina\/wp-json\/wp\/v2\/media?parent=99"}],"curies":[{"name":"wp","href":"https:\/\/api.w.org\/{rel}","templated":true}]}}